{"id":1083,"date":"2025-03-03T11:24:41","date_gmt":"2025-03-03T11:24:41","guid":{"rendered":"https:\/\/osteopathierousseau.nl\/?page_id=1083"},"modified":"2025-05-05T09:16:01","modified_gmt":"2025-05-05T09:16:01","slug":"about","status":"publish","type":"page","link":"https:\/\/osteopathierousseau.nl\/en\/over\/","title":{"rendered":"About"},"content":{"rendered":"\t\t<div data-elementor-type=\"wp-page\" data-elementor-id=\"1083\" class=\"elementor elementor-1083\" data-elementor-post-type=\"page\">\n\t\t\t\t<div class=\"elementor-element elementor-element-3c03d6c e-flex e-con-boxed e-con e-parent\" data-id=\"3c03d6c\" data-element_type=\"container\" data-e-type=\"container\" data-settings=\"{&quot;background_background&quot;:&quot;classic&quot;}\">\n\t\t\t\t\t<div class=\"e-con-inner\">\n\t\t<div class=\"elementor-element elementor-element-22b2e70 e-con-full e-flex e-con e-child\" data-id=\"22b2e70\" data-element_type=\"container\" data-e-type=\"container\" data-settings=\"{&quot;motion_fx_motion_fx_scrolling&quot;:&quot;yes&quot;,&quot;motion_fx_translateY_effect&quot;:&quot;yes&quot;,&quot;motion_fx_translateY_speed&quot;:{&quot;unit&quot;:&quot;px&quot;,&quot;size&quot;:2,&quot;sizes&quot;:[]},&quot;motion_fx_translateY_affectedRange&quot;:{&quot;unit&quot;:&quot;%&quot;,&quot;size&quot;:&quot;&quot;,&quot;sizes&quot;:{&quot;start&quot;:0,&quot;end&quot;:100}},&quot;motion_fx_devices&quot;:[&quot;desktop&quot;,&quot;tablet&quot;,&quot;mobile&quot;]}\">\n\t\t\t\t<div class=\"elementor-element elementor-element-917e4b1 elementor-widget__width-inherit animated-heading elementor-widget elementor-widget-heading\" data-id=\"917e4b1\" data-element_type=\"widget\" data-e-type=\"widget\" data-widget_type=\"heading.default\">\n\t\t\t\t<div class=\"elementor-widget-container\">\n\t\t\t\t\t<h1 class=\"elementor-heading-title elementor-size-default\"><span class=\"word\" style=\"--delay: 0s\"><span class=\"char\">O<\/span><span class=\"char\">v<\/span><span class=\"char\">e<\/span><span class=\"char\">r<\/span><\/span>\n<span class=\"word\" style=\"--delay: 0.2s\"><span class=\"char\">J<\/span><span class=\"char\">e<\/span><span class=\"char\">r<\/span><span class=\"char\">\u00f4<\/span><span class=\"char\">m<\/span><span class=\"char\">e<\/span><\/span>\n<span class=\"word\" style=\"--delay: 0.4s\"><span class=\"char\">R<\/span><span class=\"char\">o<\/span><span class=\"char\">u<\/span><span class=\"char\">s<\/span><span class=\"char\">s<\/span><span class=\"char\">e<\/span><span class=\"char\">a<\/span><span class=\"char\">u<\/span><\/span>\n<\/h1>\t\t\t\t<\/div>\n\t\t\t\t<\/div>\n\t\t\t\t<div class=\"elementor-element elementor-element-0c93597 elementor-widget__width-inherit elementor-widget elementor-widget-heading\" data-id=\"0c93597\" data-element_type=\"widget\" data-e-type=\"widget\" data-widget_type=\"heading.default\">\n\t\t\t\t<div class=\"elementor-widget-container\">\n\t\t\t\t\t<p class=\"elementor-heading-title elementor-size-default\">Mijn naam is Jer\u00f4me Rousseau en ik ben een gepassioneerde osteopaat met een achtergrond in fysiotherapie. <\/p>\t\t\t\t<\/div>\n\t\t\t\t<\/div>\n\t\t\t\t<div class=\"elementor-element elementor-element-410b0bb elementor-widget__width-initial elementor-widget-mobile__width-inherit elementor-widget-tablet__width-inherit elementor-widget elementor-widget-text-editor\" data-id=\"410b0bb\" data-element_type=\"widget\" data-e-type=\"widget\" data-settings=\"{&quot;_animation_mobile&quot;:&quot;none&quot;}\" data-widget_type=\"text-editor.default\">\n\t\t\t\t<div class=\"elementor-widget-container\">\n\t\t\t\t\t\t\t\t\tMijn zoektocht naar een bredere visie op gezondheid leidde me naar de International Academy of Osteopathy, waar ik de opleiding tot osteopaat volgde. Deze opleiding heeft niet alleen mijn manier van werken veranderd maar ook mijn kijk op het lichaam en gezondheid voorgoed verdiept. \t\t\t\t\t\t\t\t<\/div>\n\t\t\t\t<\/div>\n\t\t\t\t<\/div>\n\t\t<div class=\"elementor-element elementor-element-c224a7b e-con-full e-flex e-con e-child\" data-id=\"c224a7b\" data-element_type=\"container\" data-e-type=\"container\" data-settings=\"{&quot;background_background&quot;:&quot;classic&quot;}\">\n\t\t\t\t<div class=\"elementor-element elementor-element-f954e34 elementor-widget elementor-widget-spacer\" data-id=\"f954e34\" data-element_type=\"widget\" data-e-type=\"widget\" data-widget_type=\"spacer.default\">\n\t\t\t\t<div class=\"elementor-widget-container\">\n\t\t\t\t\t\t\t<div class=\"elementor-spacer\">\n\t\t\t<div class=\"elementor-spacer-inner\"><\/div>\n\t\t<\/div>\n\t\t\t\t\t\t<\/div>\n\t\t\t\t<\/div>\n\t\t\t\t<\/div>\n\t\t\t\t\t<\/div>\n\t\t\t\t<\/div>\n\t\t<div class=\"elementor-element elementor-element-d1d5ebc e-flex e-con-boxed e-con e-parent\" data-id=\"d1d5ebc\" data-element_type=\"container\" data-e-type=\"container\" data-settings=\"{&quot;background_background&quot;:&quot;classic&quot;}\">\n\t\t\t\t\t<div class=\"e-con-inner\">\n\t\t<div class=\"elementor-element elementor-element-2961a73 e-con-full e-flex e-con e-child\" data-id=\"2961a73\" data-element_type=\"container\" data-e-type=\"container\" data-settings=\"{&quot;background_background&quot;:&quot;classic&quot;,&quot;background_motion_fx_motion_fx_scrolling&quot;:&quot;yes&quot;,&quot;background_motion_fx_devices&quot;:[&quot;desktop&quot;,&quot;laptop&quot;,&quot;tablet_extra&quot;,&quot;tablet&quot;,&quot;mobile&quot;]}\">\n\t\t\t\t<div class=\"elementor-element elementor-element-a12d94b elementor-widget__width-inherit elementor-widget elementor-widget-heading\" data-id=\"a12d94b\" data-element_type=\"widget\" data-e-type=\"widget\" data-widget_type=\"heading.default\">\n\t\t\t\t<div class=\"elementor-widget-container\">\n\t\t\t\t\t<h2 class=\"elementor-heading-title elementor-size-default\">Persoonlijke aandacht: <br>Ik geloof in de kracht van menselijk contact.<\/h2>\t\t\t\t<\/div>\n\t\t\t\t<\/div>\n\t\t\t\t<\/div>\n\t\t<div class=\"elementor-element elementor-element-f034fef e-con-full service-mouse animated-slow e-flex elementor-invisible e-con e-child\" data-id=\"f034fef\" data-element_type=\"container\" data-e-type=\"container\" data-settings=\"{&quot;background_background&quot;:&quot;classic&quot;,&quot;animation&quot;:&quot;fadeInUp&quot;}\">\n\t\t<div class=\"elementor-element elementor-element-1e308c9 e-con-full hover-image e-flex e-con e-child\" data-id=\"1e308c9\" data-element_type=\"container\" data-e-type=\"container\">\n\t\t\t\t<div class=\"elementor-element elementor-element-7edec92 elementor-widget__width-inherit elementor-widget elementor-widget-heading\" data-id=\"7edec92\" data-element_type=\"widget\" data-e-type=\"widget\" data-widget_type=\"heading.default\">\n\t\t\t\t<div class=\"elementor-widget-container\">\n\t\t\t\t\t<h3 class=\"elementor-heading-title elementor-size-default\">Mijn visie op osteopathie <\/h3>\t\t\t\t<\/div>\n\t\t\t\t<\/div>\n\t\t\t\t<\/div>\n\t\t<div class=\"elementor-element elementor-element-e7f91b0 e-con-full e-flex e-con e-child\" data-id=\"e7f91b0\" data-element_type=\"container\" data-e-type=\"container\">\n\t\t\t\t<div class=\"elementor-element elementor-element-ff63098 elementor-widget__width-initial elementor-widget elementor-widget-text-editor\" data-id=\"ff63098\" data-element_type=\"widget\" data-e-type=\"widget\" data-widget_type=\"text-editor.default\">\n\t\t\t\t<div class=\"elementor-widget-container\">\n\t\t\t\t\t\t\t\t\t<p><span style=\"font-weight: 400;\">Osteopathie gaat verder dan het behandelen van symptomen. Het richt zich op de gehele persoon en ziet het lichaam als \u00e9\u00e9n ge\u00efntegreerd geheel, waar alle systemen \u2013 spieren, gewrichten, organen, zenuwen en bindweefsel \u2013 nauw met elkaar verbonden zijn. Door op zoek te gaan naar de onderliggende oorzaak van klachten, pakken we problemen bij de bron aan. Deze holistische benadering sluit perfect aan bij mijn visie: gezondheid is meer dan alleen de afwezigheid van pijn.\u00a0<\/span><\/p>\t\t\t\t\t\t\t\t<\/div>\n\t\t\t\t<\/div>\n\t\t\t\t<\/div>\n\t\t\t\t<\/div>\n\t\t<div class=\"elementor-element elementor-element-ad97a49 e-con-full service-mouse animated-slow e-flex elementor-invisible e-con e-child\" data-id=\"ad97a49\" data-element_type=\"container\" data-e-type=\"container\" data-settings=\"{&quot;background_background&quot;:&quot;classic&quot;,&quot;animation&quot;:&quot;fadeInUp&quot;}\">\n\t\t<div class=\"elementor-element elementor-element-32ec1a8 e-con-full hover-image e-flex e-con e-child\" data-id=\"32ec1a8\" data-element_type=\"container\" data-e-type=\"container\">\n\t\t\t\t<div class=\"elementor-element elementor-element-b0cddc5 elementor-widget__width-inherit elementor-widget elementor-widget-heading\" data-id=\"b0cddc5\" data-element_type=\"widget\" data-e-type=\"widget\" data-widget_type=\"heading.default\">\n\t\t\t\t<div class=\"elementor-widget-container\">\n\t\t\t\t\t<h3 class=\"elementor-heading-title elementor-size-default\">Het zelfherstellend vermogen van het lichaam <\/h3>\t\t\t\t<\/div>\n\t\t\t\t<\/div>\n\t\t\t\t<\/div>\n\t\t<div class=\"elementor-element elementor-element-b065d26 e-con-full e-flex e-con e-child\" data-id=\"b065d26\" data-element_type=\"container\" data-e-type=\"container\">\n\t\t\t\t<div class=\"elementor-element elementor-element-449b5c8 elementor-widget__width-initial elementor-widget elementor-widget-text-editor\" data-id=\"449b5c8\" data-element_type=\"widget\" data-e-type=\"widget\" data-widget_type=\"text-editor.default\">\n\t\t\t\t<div class=\"elementor-widget-container\">\n\t\t\t\t\t\t\t\t\t<p><span style=\"font-weight: 400;\">Een van de belangrijkste pijlers van osteopathie is het vertrouwen in het zelfherstellend vermogen van het lichaam. Dit natuurlijke vermogen is krachtig maar kan door factoren zoals stress, blessures, slechte voeding of langdurige overbelasting uit balans raken. Als osteopaat <\/span><span style=\"font-weight: 400;\">help ik je om die balans te herstellen zodat je lichaam zijn eigen genezende functies optimaal kan benutten. <\/span><\/p>\t\t\t\t\t\t\t\t<\/div>\n\t\t\t\t<\/div>\n\t\t\t\t<\/div>\n\t\t\t\t<\/div>\n\t\t\t\t\t<\/div>\n\t\t\t\t<\/div>\n\t\t<div class=\"elementor-element elementor-element-66fe6b6 e-con-full e-flex e-con e-parent\" data-id=\"66fe6b6\" data-element_type=\"container\" data-e-type=\"container\" data-settings=\"{&quot;background_background&quot;:&quot;classic&quot;}\">\n\t\t<div class=\"elementor-element elementor-element-57942af e-flex e-con-boxed e-con e-child\" data-id=\"57942af\" data-element_type=\"container\" data-e-type=\"container\" data-settings=\"{&quot;background_background&quot;:&quot;classic&quot;}\">\n\t\t\t\t\t<div class=\"e-con-inner\">\n\t\t<div class=\"elementor-element elementor-element-700daf6 e-con-full e-flex e-con e-child\" data-id=\"700daf6\" data-element_type=\"container\" data-e-type=\"container\" data-settings=\"{&quot;motion_fx_motion_fx_scrolling&quot;:&quot;yes&quot;,&quot;motion_fx_translateY_effect&quot;:&quot;yes&quot;,&quot;motion_fx_translateY_speed&quot;:{&quot;unit&quot;:&quot;px&quot;,&quot;size&quot;:2,&quot;sizes&quot;:[]},&quot;background_background&quot;:&quot;classic&quot;,&quot;motion_fx_translateY_affectedRange&quot;:{&quot;unit&quot;:&quot;%&quot;,&quot;size&quot;:&quot;&quot;,&quot;sizes&quot;:{&quot;start&quot;:0,&quot;end&quot;:100}},&quot;motion_fx_devices&quot;:[&quot;desktop&quot;,&quot;tablet&quot;,&quot;mobile&quot;]}\">\n\t\t\t\t<div class=\"elementor-element elementor-element-b5cf4ea elementor-widget__width-inherit elementor-widget elementor-widget-heading\" data-id=\"b5cf4ea\" data-element_type=\"widget\" data-e-type=\"widget\" data-widget_type=\"heading.default\">\n\t\t\t\t<div class=\"elementor-widget-container\">\n\t\t\t\t\t<h3 class=\"elementor-heading-title elementor-size-default\">Wat mij uniek maakt als osteopaat <\/h3>\t\t\t\t<\/div>\n\t\t\t\t<\/div>\n\t\t\t\t<div class=\"elementor-element elementor-element-6bdb9f5 elementor-widget__width-initial elementor-widget-mobile__width-inherit elementor-widget-tablet__width-inherit elementor-widget elementor-widget-text-editor\" data-id=\"6bdb9f5\" data-element_type=\"widget\" data-e-type=\"widget\" data-settings=\"{&quot;_animation_mobile&quot;:&quot;none&quot;}\" data-widget_type=\"text-editor.default\">\n\t\t\t\t<div class=\"elementor-widget-container\">\n\t\t\t\t\t\t\t\t\t<p><span style=\"font-weight: 400;\"><strong><em>Persoonlijke aandacht:<\/em><\/strong> Ik geloof in de kracht van menselijk contact. Tijdens een behandeling sta jij als persoon centraal. Ik neem de tijd om naar je verhaal te luisteren, je klachten te begrijpen en een behandeling op maat te bieden. <\/span><\/p>\t\t\t\t\t\t\t\t<\/div>\n\t\t\t\t<\/div>\n\t\t\t\t<div class=\"elementor-element elementor-element-f232705 elementor-widget__width-initial elementor-widget-mobile__width-inherit elementor-widget-tablet__width-inherit elementor-widget elementor-widget-text-editor\" data-id=\"f232705\" data-element_type=\"widget\" data-e-type=\"widget\" data-settings=\"{&quot;_animation_mobile&quot;:&quot;none&quot;}\" data-widget_type=\"text-editor.default\">\n\t\t\t\t<div class=\"elementor-widget-container\">\n\t\t\t\t\t\t\t\t\t<p><span style=\"font-weight: 400;\"><em><strong>Preventieve aanpak:<\/strong><\/em> Naast het verhelpen van klachten, help ik je ook om toekomstige problemen te voorkomen. Door middel van preventieve behandelingen en advies over houding, beweging en leefstijl werk ik samen met jou aan een duurzame gezondheid. <\/span><\/p>\t\t\t\t\t\t\t\t<\/div>\n\t\t\t\t<\/div>\n\t\t\t\t<div class=\"elementor-element elementor-element-8e344c2 elementor-widget__width-initial elementor-widget-mobile__width-inherit elementor-widget-tablet__width-inherit elementor-widget elementor-widget-text-editor\" data-id=\"8e344c2\" data-element_type=\"widget\" data-e-type=\"widget\" data-settings=\"{&quot;_animation_mobile&quot;:&quot;none&quot;}\" data-widget_type=\"text-editor.default\">\n\t\t\t\t<div class=\"elementor-widget-container\">\n\t\t\t\t\t\t\t\t\t<p><span style=\"font-weight: 400;\"><em><strong>Oplossingsgericht:<\/strong> <\/em>Ik ben gericht op resultaat en streef ernaar om jouw klachten zo effectief mogelijk te verlichten. Tegelijkertijd werk ik aan de oorzaak zodat je niet alleen van je pijn af bent maar ook blijvend kunt genieten van een gezond lichaam. <\/span><\/p>\t\t\t\t\t\t\t\t<\/div>\n\t\t\t\t<\/div>\n\t\t\t\t<div class=\"elementor-element elementor-element-d18bbf5 elementor-widget__width-initial elementor-widget-mobile__width-inherit elementor-widget-tablet__width-inherit elementor-widget elementor-widget-text-editor\" data-id=\"d18bbf5\" data-element_type=\"widget\" data-e-type=\"widget\" data-settings=\"{&quot;_animation_mobile&quot;:&quot;none&quot;}\" data-widget_type=\"text-editor.default\">\n\t\t\t\t<div class=\"elementor-widget-container\">\n\t\t\t\t\t\t\t\t\t<p><span style=\"font-weight: 400;\"><em><strong>Betrokkenheid en passie:<\/strong><\/em> Mijn werk is mijn passie. Ik blijf me continu ontwikkelen door scholing en het volgen van nieuwe inzichten binnen de osteopathie en gezondheidszorg.<\/span><\/p>\t\t\t\t\t\t\t\t<\/div>\n\t\t\t\t<\/div>\n\t\t\t\t<div class=\"elementor-element elementor-element-695f8d1 elementor-align-left elementor-widget elementor-widget-button\" data-id=\"695f8d1\" data-element_type=\"widget\" data-e-type=\"widget\" data-widget_type=\"button.default\">\n\t\t\t\t<div class=\"elementor-widget-container\">\n\t\t\t\t\t\t\t\t\t<div class=\"elementor-button-wrapper\">\n\t\t\t\t\t<a class=\"elementor-button elementor-button-link elementor-size-sm\" href=\"#contact\">\n\t\t\t\t\t\t<span class=\"elementor-button-content-wrapper\">\n\t\t\t\t\t\t\t\t\t<span class=\"elementor-button-text\">Maak een afspraak<\/span>\n\t\t\t\t\t<\/span>\n\t\t\t\t\t<\/a>\n\t\t\t\t<\/div>\n\t\t\t\t\t\t\t\t<\/div>\n\t\t\t\t<\/div>\n\t\t\t\t<\/div>\n\t\t\t\t\t<\/div>\n\t\t\t\t<\/div>\n\t\t\t\t<\/div>\n\t\t<div class=\"elementor-element elementor-element-fd86609 e-flex e-con-boxed e-con e-parent\" data-id=\"fd86609\" data-element_type=\"container\" data-e-type=\"container\" data-settings=\"{&quot;background_background&quot;:&quot;classic&quot;}\">\n\t\t\t\t\t<div class=\"e-con-inner\">\n\t\t<div class=\"elementor-element elementor-element-34eedda e-con-full e-flex e-con e-child\" data-id=\"34eedda\" data-element_type=\"container\" data-e-type=\"container\" data-settings=\"{&quot;background_background&quot;:&quot;classic&quot;,&quot;background_motion_fx_motion_fx_scrolling&quot;:&quot;yes&quot;,&quot;background_motion_fx_devices&quot;:[&quot;desktop&quot;,&quot;laptop&quot;,&quot;tablet_extra&quot;,&quot;tablet&quot;,&quot;mobile&quot;]}\">\n\t\t\t\t<div class=\"elementor-element elementor-element-52c4e33 elementor-widget__width-inherit elementor-widget elementor-widget-heading\" data-id=\"52c4e33\" data-element_type=\"widget\" data-e-type=\"widget\" data-widget_type=\"heading.default\">\n\t\t\t\t<div class=\"elementor-widget-container\">\n\t\t\t\t\t<h3 class=\"elementor-heading-title elementor-size-default\">Waarom kiezen voor Osteopathie? <\/h3>\t\t\t\t<\/div>\n\t\t\t\t<\/div>\n\t\t\t\t<div class=\"elementor-element elementor-element-8fb36bd elementor-widget__width-inherit elementor-widget elementor-widget-text-editor\" data-id=\"8fb36bd\" data-element_type=\"widget\" data-e-type=\"widget\" data-widget_type=\"text-editor.default\">\n\t\t\t\t<div class=\"elementor-widget-container\">\n\t\t\t\t\t\t\t\t\t<p><span style=\"font-weight: 400;\">Of je nu last hebt van chronische pijn, sportblessures, stressgerelateerde klachten of andere gezondheidsproblemen, osteopathie biedt een natuurlijke en effectieve manier om je lichaam weer in balans te brengen. Samen werken we aan een betere gezondheid zodat jij weer kunt genieten van een actief en pijnvrij leven.\u00a0<\/span><\/p><p><span style=\"font-weight: 400;\">Benieuwd wat ik voor jou kan betekenen? Neem gerust contact op voor meer informatie of een afspraak. Ik help je graag verder! <\/span><\/p>\t\t\t\t\t\t\t\t<\/div>\n\t\t\t\t<\/div>\n\t\t\t\t<div class=\"elementor-element elementor-element-7ac478c elementor-align-center elementor-widget elementor-widget-button\" data-id=\"7ac478c\" data-element_type=\"widget\" data-e-type=\"widget\" data-widget_type=\"button.default\">\n\t\t\t\t<div class=\"elementor-widget-container\">\n\t\t\t\t\t\t\t\t\t<div class=\"elementor-button-wrapper\">\n\t\t\t\t\t<a class=\"elementor-button elementor-button-link elementor-size-sm\" href=\"#contact\">\n\t\t\t\t\t\t<span class=\"elementor-button-content-wrapper\">\n\t\t\t\t\t\t\t\t\t<span class=\"elementor-button-text\">Neem contact op<\/span>\n\t\t\t\t\t<\/span>\n\t\t\t\t\t<\/a>\n\t\t\t\t<\/div>\n\t\t\t\t\t\t\t\t<\/div>\n\t\t\t\t<\/div>\n\t\t\t\t<\/div>\n\t\t\t\t\t<\/div>\n\t\t\t\t<\/div>\n\t\t\t\t<\/div>\n\t\t","protected":false},"excerpt":{"rendered":"<p>Over Jer\u00f4me Rousseau Mijn naam is Jer\u00f4me Rousseau en ik ben een gepassioneerde osteopaat met een achtergrond in fysiotherapie. Mijn zoektocht naar een bredere visie op gezondheid leidde me naar de International Academy of Osteopathy, waar ik de opleiding tot osteopaat volgde. Deze opleiding heeft niet alleen mijn manier van werken veranderd maar ook mijn [&hellip;]<\/p>\n","protected":false},"author":2,"featured_media":0,"parent":0,"menu_order":0,"comment_status":"closed","ping_status":"closed","template":"elementor_header_footer","meta":{"footnotes":""},"class_list":["post-1083","page","type-page","status-publish","hentry"],"_links":{"self":[{"href":"https:\/\/osteopathierousseau.nl\/en\/wp-json\/wp\/v2\/pages\/1083","targetHints":{"allow":["GET"]}}],"collection":[{"href":"https:\/\/osteopathierousseau.nl\/en\/wp-json\/wp\/v2\/pages"}],"about":[{"href":"https:\/\/osteopathierousseau.nl\/en\/wp-json\/wp\/v2\/types\/page"}],"author":[{"embeddable":true,"href":"https:\/\/osteopathierousseau.nl\/en\/wp-json\/wp\/v2\/users\/2"}],"replies":[{"embeddable":true,"href":"https:\/\/osteopathierousseau.nl\/en\/wp-json\/wp\/v2\/comments?post=1083"}],"version-history":[{"count":128,"href":"https:\/\/osteopathierousseau.nl\/en\/wp-json\/wp\/v2\/pages\/1083\/revisions"}],"predecessor-version":[{"id":1584,"href":"https:\/\/osteopathierousseau.nl\/en\/wp-json\/wp\/v2\/pages\/1083\/revisions\/1584"}],"wp:attachment":[{"href":"https:\/\/osteopathierousseau.nl\/en\/wp-json\/wp\/v2\/media?parent=1083"}],"curies":[{"name":"wp","href":"https:\/\/api.w.org\/{rel}","templated":true}]}}